{"id":11,"date":"2022-01-12T12:19:16","date_gmt":"2022-01-12T11:19:16","guid":{"rendered":"https:\/\/www.coaching-scheler.de\/wordpress\/?page_id=11"},"modified":"2022-02-17T18:45:39","modified_gmt":"2022-02-17T17:45:39","slug":"startseite","status":"publish","type":"page","link":"https:\/\/www.coaching-scheler.de\/wordpress\/","title":{"rendered":"Startseite"},"content":{"rendered":"\n<p class=\"has-medium-font-size\">Sie wollen eine berufliche Situation meistern, Stagnation sowie \u00c4ngste hinter sich lassen und wieder ins Tun kommen oder eine Krise bew\u00e4ltigen? Sie wollen mehr Klarheit, Entspannung, Gelassenheit und auch inneres Wachstum?<\/p>\n\n\n\n<p class=\"has-medium-font-size\">Nehmen Sie positiven Einfluss auf Ihr Leben und lassen Sie uns gemeinsam auf die M\u00f6glichkeiten schauen, die sich Ihnen in diesem Moment darbieten. Mit Ihrem Potential, Ihren Erfahrungen und neu gewonnenem Selbstvertrauen werden Sie w\u00e4hrend des Coachings selbst die Entscheidungen sowie die kleinen dazugeh\u00f6renden Schritte finden, die Sie Ihren Zielen n\u00e4herbringen.<\/p>\n\n\n\n<p class=\"has-vivid-cyan-blue-color has-text-color has-medium-font-size\"><strong><a href=\"https:\/\/www.coaching-scheler.de\/wordpress\/kontakt\/\" data-type=\"page\" data-id=\"49\">Ich m\u00f6chte einen Termin<\/a><\/strong><\/p>\n","protected":false},"excerpt":{"rendered":"<p>Sie wollen eine berufliche Situation meistern, Stagnation sowie \u00c4ngste hinter sich lassen und wieder ins Tun kommen oder eine Krise bew\u00e4ltigen? Sie wollen mehr Klarheit, Entspannung, Gelassenheit und auch inneres Wachstum? Nehmen Sie positiven Einfluss auf Ihr Leben und lassen Sie uns gemeinsam auf die M\u00f6glichkeiten schauen, die sich Ihnen in diesem Moment darbieten. Mit <a class=\"read-more\" href=\"https:\/\/www.coaching-scheler.de\/wordpress\/\">READ MORE<\/a><\/p>\n","protected":false},"author":1,"featured_media":0,"parent":0,"menu_order":0,"comment_status":"closed","ping_status":"closed","template":"","meta":{"footnotes":""},"class_list":["post-11","page","type-page","status-publish","hentry"],"yoast_head":"<!-- This site is optimized with the Yoast SEO plugin v18.1 - https:\/\/yoast.com\/wordpress\/plugins\/seo\/ -->\n<title>Startseite - Daniela Scheler<\/title>\n<meta name=\"robots\" content=\"index, follow, max-snippet:-1, max-image-preview:large, max-video-preview:-1\" \/>\n<link rel=\"canonical\" href=\"https:\/\/www.coaching-scheler.de\/wordpress\/\" \/>\n<meta property=\"og:locale\" content=\"de_DE\" \/>\n<meta property=\"og:type\" content=\"article\" \/>\n<meta property=\"og:title\" content=\"Startseite - Daniela Scheler\" \/>\n<meta property=\"og:description\" content=\"Sie wollen eine berufliche Situation meistern, Stagnation sowie \u00c4ngste hinter sich lassen und wieder ins Tun kommen oder eine Krise bew\u00e4ltigen? Sie wollen mehr Klarheit, Entspannung, Gelassenheit und auch inneres Wachstum? Nehmen Sie positiven Einfluss auf Ihr Leben und lassen Sie uns gemeinsam auf die M\u00f6glichkeiten schauen, die sich Ihnen in diesem Moment darbieten. Mit READ MORE\" \/>\n<meta property=\"og:url\" content=\"https:\/\/www.coaching-scheler.de\/wordpress\/\" \/>\n<meta property=\"og:site_name\" content=\"Daniela Scheler\" \/>\n<meta property=\"article:modified_time\" content=\"2022-02-17T17:45:39+00:00\" \/>\n<meta name=\"twitter:card\" content=\"summary_large_image\" \/>\n<meta name=\"twitter:label1\" content=\"Gesch\u00e4tzte Lesezeit\" \/>\n\t<meta name=\"twitter:data1\" content=\"1\u00a0Minute\" \/>\n<script type=\"application\/ld+json\" class=\"yoast-schema-graph\">{\"@context\":\"https:\/\/schema.org\",\"@graph\":[{\"@type\":\"WebSite\",\"@id\":\"https:\/\/www.coaching-scheler.de\/wordpress\/#website\",\"url\":\"https:\/\/www.coaching-scheler.de\/wordpress\/\",\"name\":\"Daniela Scheler\",\"description\":\"Business und Personal Coaching\",\"potentialAction\":[{\"@type\":\"SearchAction\",\"target\":{\"@type\":\"EntryPoint\",\"urlTemplate\":\"https:\/\/www.coaching-scheler.de\/wordpress\/?s={search_term_string}\"},\"query-input\":\"required name=search_term_string\"}],\"inLanguage\":\"de\"},{\"@type\":\"WebPage\",\"@id\":\"https:\/\/www.coaching-scheler.de\/wordpress\/#webpage\",\"url\":\"https:\/\/www.coaching-scheler.de\/wordpress\/\",\"name\":\"Startseite - Daniela Scheler\",\"isPartOf\":{\"@id\":\"https:\/\/www.coaching-scheler.de\/wordpress\/#website\"},\"datePublished\":\"2022-01-12T11:19:16+00:00\",\"dateModified\":\"2022-02-17T17:45:39+00:00\",\"breadcrumb\":{\"@id\":\"https:\/\/www.coaching-scheler.de\/wordpress\/#breadcrumb\"},\"inLanguage\":\"de\",\"potentialAction\":[{\"@type\":\"ReadAction\",\"target\":[\"https:\/\/www.coaching-scheler.de\/wordpress\/\"]}]},{\"@type\":\"BreadcrumbList\",\"@id\":\"https:\/\/www.coaching-scheler.de\/wordpress\/#breadcrumb\",\"itemListElement\":[{\"@type\":\"ListItem\",\"position\":1,\"name\":\"Startseite\",\"item\":\"https:\/\/www.coaching-scheler.de\/wordpress\/\"},{\"@type\":\"ListItem\",\"position\":2,\"name\":\"Startseite\"}]}]}<\/script>\n<!-- \/ Yoast SEO plugin. -->","yoast_head_json":{"title":"Startseite - Daniela Scheler","robots":{"index":"index","follow":"follow","max-snippet":"max-snippet:-1","max-image-preview":"max-image-preview:large","max-video-preview":"max-video-preview:-1"},"canonical":"https:\/\/www.coaching-scheler.de\/wordpress\/","og_locale":"de_DE","og_type":"article","og_title":"Startseite - Daniela Scheler","og_description":"Sie wollen eine berufliche Situation meistern, Stagnation sowie \u00c4ngste hinter sich lassen und wieder ins Tun kommen oder eine Krise bew\u00e4ltigen? Sie wollen mehr Klarheit, Entspannung, Gelassenheit und auch inneres Wachstum? Nehmen Sie positiven Einfluss auf Ihr Leben und lassen Sie uns gemeinsam auf die M\u00f6glichkeiten schauen, die sich Ihnen in diesem Moment darbieten. Mit READ MORE","og_url":"https:\/\/www.coaching-scheler.de\/wordpress\/","og_site_name":"Daniela Scheler","article_modified_time":"2022-02-17T17:45:39+00:00","twitter_card":"summary_large_image","twitter_misc":{"Gesch\u00e4tzte Lesezeit":"1\u00a0Minute"},"schema":{"@context":"https:\/\/schema.org","@graph":[{"@type":"WebSite","@id":"https:\/\/www.coaching-scheler.de\/wordpress\/#website","url":"https:\/\/www.coaching-scheler.de\/wordpress\/","name":"Daniela Scheler","description":"Business und Personal Coaching","potentialAction":[{"@type":"SearchAction","target":{"@type":"EntryPoint","urlTemplate":"https:\/\/www.coaching-scheler.de\/wordpress\/?s={search_term_string}"},"query-input":"required name=search_term_string"}],"inLanguage":"de"},{"@type":"WebPage","@id":"https:\/\/www.coaching-scheler.de\/wordpress\/#webpage","url":"https:\/\/www.coaching-scheler.de\/wordpress\/","name":"Startseite - Daniela Scheler","isPartOf":{"@id":"https:\/\/www.coaching-scheler.de\/wordpress\/#website"},"datePublished":"2022-01-12T11:19:16+00:00","dateModified":"2022-02-17T17:45:39+00:00","breadcrumb":{"@id":"https:\/\/www.coaching-scheler.de\/wordpress\/#breadcrumb"},"inLanguage":"de","potentialAction":[{"@type":"ReadAction","target":["https:\/\/www.coaching-scheler.de\/wordpress\/"]}]},{"@type":"BreadcrumbList","@id":"https:\/\/www.coaching-scheler.de\/wordpress\/#breadcrumb","itemListElement":[{"@type":"ListItem","position":1,"name":"Startseite","item":"https:\/\/www.coaching-scheler.de\/wordpress\/"},{"@type":"ListItem","position":2,"name":"Startseite"}]}]}},"_links":{"self":[{"href":"https:\/\/www.coaching-scheler.de\/wordpress\/wp-json\/wp\/v2\/pages\/11","targetHints":{"allow":["GET"]}}],"collection":[{"href":"https:\/\/www.coaching-scheler.de\/wordpress\/wp-json\/wp\/v2\/pages"}],"about":[{"href":"https:\/\/www.coaching-scheler.de\/wordpress\/wp-json\/wp\/v2\/types\/page"}],"author":[{"embeddable":true,"href":"https:\/\/www.coaching-scheler.de\/wordpress\/wp-json\/wp\/v2\/users\/1"}],"replies":[{"embeddable":true,"href":"https:\/\/www.coaching-scheler.de\/wordpress\/wp-json\/wp\/v2\/comments?post=11"}],"version-history":[{"count":8,"href":"https:\/\/www.coaching-scheler.de\/wordpress\/wp-json\/wp\/v2\/pages\/11\/revisions"}],"predecessor-version":[{"id":131,"href":"https:\/\/www.coaching-scheler.de\/wordpress\/wp-json\/wp\/v2\/pages\/11\/revisions\/131"}],"wp:attachment":[{"href":"https:\/\/www.coaching-scheler.de\/wordpress\/wp-json\/wp\/v2\/media?parent=11"}],"curies":[{"name":"wp","href":"https:\/\/api.w.org\/{rel}","templated":true}]}}