{"id":2,"date":"2022-01-12T11:23:51","date_gmt":"2022-01-12T10:23:51","guid":{"rendered":"https:\/\/www.coaching-scheler.de\/wordpress\/?page_id=2"},"modified":"2022-02-17T18:54:04","modified_gmt":"2022-02-17T17:54:04","slug":"personal-coaching","status":"publish","type":"page","link":"https:\/\/www.coaching-scheler.de\/wordpress\/personal-coaching\/","title":{"rendered":"Personal Coaching"},"content":{"rendered":"\n<p class=\"has-medium-font-size\">Sie stehen an einer Weggabelung und wissen nicht weiter? Was sagt Ihr Herz? Was sagt Ihr Kopf? Und was sind die Alternativen?<\/p>\n\n\n\n<p class=\"has-medium-font-size\">Sie wollen Klarheit und Entspannung in eine private oder berufliche Situation bringen? Gelassen in der Kommunikation mit anderen bleiben? Eine Krise bew\u00e4ltigen und damit Entscheidungen f\u00e4llen, die Ihren Werten entsprechen?<\/p>\n\n\n\n<p class=\"has-medium-font-size\">In den Einzelsitzungen besprechen wir zun\u00e4chst Ihr Anliegen und das Ziel, welches Sie mit dem Coaching erreichen m\u00f6chten. Gemeinsam erarbeiten wir M\u00f6glichkeiten, Alternativen oder Strategien, die zu der momentanen Situation passen. Ihre Situation werden wir von mehreren Seiten betrachten. Sie entscheiden, mit welchen Schritten Sie ihrem Ziel n\u00e4herkommen wollen. <\/p>\n\n\n\n<blockquote class=\"wp-block-quote is-style-default is-layout-flow wp-block-quote-is-layout-flow\"><p>&#8222;Ich liebe Ver\u00e4nderungen!&#8220; Haben Sie diesen Spruch schon einmal von Ihren Freunden, Verwandten oder Bekannten geh\u00f6rt? Wohl kaum. Dabei ist unser ganzes Leben einem stetigen Wandel unterworfen. Mit bewussten Entscheidungen k\u00f6nnen wir die Angst vor Ver\u00e4nderungen minimieren.<\/p><\/blockquote>\n\n\n\n<p class=\"has-medium-font-size\">Klienten mit scheinbar gleichen Anliegen entwickelten ihre ganz eigenen individuellen L\u00f6sungen. Ihnen gemeinsam ist, dass sie mit mehr Lebensfreude und Zufriedenheit in ihrer (neuen) T\u00e4tigkeit aufgingen. <\/p>\n\n\n\n<p class=\"has-medium-font-size\">Sie sind auf der Suche nach Beratung, um<\/p>\n\n\n\n<ul class=\"has-medium-font-size wp-block-list\"><li>einen Karriere- und\/oder Lebens\u00fcbergang zu meistern<\/li><li>Neuorientierung zu finden<\/li><li>Werteklarheit zu entwickeln und zu kommunizieren<\/li><li>Ihre W\u00fcnsche, Ziele und Visionen zu erkennen und umzusetzen<\/li><li>Ihre Talente und Ihr Potential zu entfalten<\/li><li>Ihre Anstellung in eine Selbstst\u00e4ndigkeit zu wandeln<\/li><\/ul>\n\n\n\n<p class=\"has-medium-font-size\">Finden Sie heraus, welche Schritte es sind, die Sie n\u00e4her an Ihre Ziele bringen!<\/p>\n","protected":false},"excerpt":{"rendered":"<p>Sie stehen an einer Weggabelung und wissen nicht weiter? Was sagt Ihr Herz? Was sagt Ihr Kopf? Und was sind die Alternativen? Sie wollen Klarheit und Entspannung in eine private oder berufliche Situation bringen? Gelassen in der Kommunikation mit anderen bleiben? Eine Krise bew\u00e4ltigen und damit Entscheidungen f\u00e4llen, die Ihren Werten entsprechen? In den Einzelsitzungen <a class=\"read-more\" href=\"https:\/\/www.coaching-scheler.de\/wordpress\/personal-coaching\/\">READ MORE<\/a><\/p>\n","protected":false},"author":1,"featured_media":0,"parent":0,"menu_order":0,"comment_status":"closed","ping_status":"open","template":"","meta":{"footnotes":""},"class_list":["post-2","page","type-page","status-publish","hentry"],"yoast_head":"<!-- This site is optimized with the Yoast SEO plugin v18.1 - https:\/\/yoast.com\/wordpress\/plugins\/seo\/ -->\n<title>Personal Coaching - Daniela Scheler<\/title>\n<meta name=\"description\" content=\"Laden Sie mehr Lebensfreude und Zufriedenheit in Ihr Leben ein! Ob Neuorientierung oder Lebenskrise wir schauen uns Ihre L\u00f6sungen hierf\u00fcr an.\" \/>\n<meta name=\"robots\" content=\"index, follow, max-snippet:-1, max-image-preview:large, max-video-preview:-1\" \/>\n<link rel=\"canonical\" href=\"https:\/\/www.coaching-scheler.de\/wordpress\/personal-coaching\/\" \/>\n<meta property=\"og:locale\" content=\"de_DE\" \/>\n<meta property=\"og:type\" content=\"article\" \/>\n<meta property=\"og:title\" content=\"Personal Coaching - Daniela Scheler\" \/>\n<meta property=\"og:description\" content=\"Laden Sie mehr Lebensfreude und Zufriedenheit in Ihr Leben ein! Ob Neuorientierung oder Lebenskrise wir schauen uns Ihre L\u00f6sungen hierf\u00fcr an.\" \/>\n<meta property=\"og:url\" content=\"https:\/\/www.coaching-scheler.de\/wordpress\/personal-coaching\/\" \/>\n<meta property=\"og:site_name\" content=\"Daniela Scheler\" \/>\n<meta property=\"article:modified_time\" content=\"2022-02-17T17:54:04+00:00\" \/>\n<meta name=\"twitter:card\" content=\"summary_large_image\" \/>\n<meta name=\"twitter:label1\" content=\"Gesch\u00e4tzte Lesezeit\" \/>\n\t<meta name=\"twitter:data1\" content=\"2\u00a0Minuten\" \/>\n<script type=\"application\/ld+json\" class=\"yoast-schema-graph\">{\"@context\":\"https:\/\/schema.org\",\"@graph\":[{\"@type\":\"WebSite\",\"@id\":\"https:\/\/www.coaching-scheler.de\/wordpress\/#website\",\"url\":\"https:\/\/www.coaching-scheler.de\/wordpress\/\",\"name\":\"Daniela Scheler\",\"description\":\"Business und Personal Coaching\",\"potentialAction\":[{\"@type\":\"SearchAction\",\"target\":{\"@type\":\"EntryPoint\",\"urlTemplate\":\"https:\/\/www.coaching-scheler.de\/wordpress\/?s={search_term_string}\"},\"query-input\":\"required name=search_term_string\"}],\"inLanguage\":\"de\"},{\"@type\":\"WebPage\",\"@id\":\"https:\/\/www.coaching-scheler.de\/wordpress\/personal-coaching\/#webpage\",\"url\":\"https:\/\/www.coaching-scheler.de\/wordpress\/personal-coaching\/\",\"name\":\"Personal Coaching - Daniela Scheler\",\"isPartOf\":{\"@id\":\"https:\/\/www.coaching-scheler.de\/wordpress\/#website\"},\"datePublished\":\"2022-01-12T10:23:51+00:00\",\"dateModified\":\"2022-02-17T17:54:04+00:00\",\"description\":\"Laden Sie mehr Lebensfreude und Zufriedenheit in Ihr Leben ein! Ob Neuorientierung oder Lebenskrise wir schauen uns Ihre L\u00f6sungen hierf\u00fcr an.\",\"breadcrumb\":{\"@id\":\"https:\/\/www.coaching-scheler.de\/wordpress\/personal-coaching\/#breadcrumb\"},\"inLanguage\":\"de\",\"potentialAction\":[{\"@type\":\"ReadAction\",\"target\":[\"https:\/\/www.coaching-scheler.de\/wordpress\/personal-coaching\/\"]}]},{\"@type\":\"BreadcrumbList\",\"@id\":\"https:\/\/www.coaching-scheler.de\/wordpress\/personal-coaching\/#breadcrumb\",\"itemListElement\":[{\"@type\":\"ListItem\",\"position\":1,\"name\":\"Startseite\",\"item\":\"https:\/\/www.coaching-scheler.de\/wordpress\/\"},{\"@type\":\"ListItem\",\"position\":2,\"name\":\"Personal Coaching\"}]}]}<\/script>\n<!-- \/ Yoast SEO plugin. -->","yoast_head_json":{"title":"Personal Coaching - Daniela Scheler","description":"Laden Sie mehr Lebensfreude und Zufriedenheit in Ihr Leben ein! Ob Neuorientierung oder Lebenskrise wir schauen uns Ihre L\u00f6sungen hierf\u00fcr an.","robots":{"index":"index","follow":"follow","max-snippet":"max-snippet:-1","max-image-preview":"max-image-preview:large","max-video-preview":"max-video-preview:-1"},"canonical":"https:\/\/www.coaching-scheler.de\/wordpress\/personal-coaching\/","og_locale":"de_DE","og_type":"article","og_title":"Personal Coaching - Daniela Scheler","og_description":"Laden Sie mehr Lebensfreude und Zufriedenheit in Ihr Leben ein! Ob Neuorientierung oder Lebenskrise wir schauen uns Ihre L\u00f6sungen hierf\u00fcr an.","og_url":"https:\/\/www.coaching-scheler.de\/wordpress\/personal-coaching\/","og_site_name":"Daniela Scheler","article_modified_time":"2022-02-17T17:54:04+00:00","twitter_card":"summary_large_image","twitter_misc":{"Gesch\u00e4tzte Lesezeit":"2\u00a0Minuten"},"schema":{"@context":"https:\/\/schema.org","@graph":[{"@type":"WebSite","@id":"https:\/\/www.coaching-scheler.de\/wordpress\/#website","url":"https:\/\/www.coaching-scheler.de\/wordpress\/","name":"Daniela Scheler","description":"Business und Personal Coaching","potentialAction":[{"@type":"SearchAction","target":{"@type":"EntryPoint","urlTemplate":"https:\/\/www.coaching-scheler.de\/wordpress\/?s={search_term_string}"},"query-input":"required name=search_term_string"}],"inLanguage":"de"},{"@type":"WebPage","@id":"https:\/\/www.coaching-scheler.de\/wordpress\/personal-coaching\/#webpage","url":"https:\/\/www.coaching-scheler.de\/wordpress\/personal-coaching\/","name":"Personal Coaching - Daniela Scheler","isPartOf":{"@id":"https:\/\/www.coaching-scheler.de\/wordpress\/#website"},"datePublished":"2022-01-12T10:23:51+00:00","dateModified":"2022-02-17T17:54:04+00:00","description":"Laden Sie mehr Lebensfreude und Zufriedenheit in Ihr Leben ein! Ob Neuorientierung oder Lebenskrise wir schauen uns Ihre L\u00f6sungen hierf\u00fcr an.","breadcrumb":{"@id":"https:\/\/www.coaching-scheler.de\/wordpress\/personal-coaching\/#breadcrumb"},"inLanguage":"de","potentialAction":[{"@type":"ReadAction","target":["https:\/\/www.coaching-scheler.de\/wordpress\/personal-coaching\/"]}]},{"@type":"BreadcrumbList","@id":"https:\/\/www.coaching-scheler.de\/wordpress\/personal-coaching\/#breadcrumb","itemListElement":[{"@type":"ListItem","position":1,"name":"Startseite","item":"https:\/\/www.coaching-scheler.de\/wordpress\/"},{"@type":"ListItem","position":2,"name":"Personal Coaching"}]}]}},"_links":{"self":[{"href":"https:\/\/www.coaching-scheler.de\/wordpress\/wp-json\/wp\/v2\/pages\/2","targetHints":{"allow":["GET"]}}],"collection":[{"href":"https:\/\/www.coaching-scheler.de\/wordpress\/wp-json\/wp\/v2\/pages"}],"about":[{"href":"https:\/\/www.coaching-scheler.de\/wordpress\/wp-json\/wp\/v2\/types\/page"}],"author":[{"embeddable":true,"href":"https:\/\/www.coaching-scheler.de\/wordpress\/wp-json\/wp\/v2\/users\/1"}],"replies":[{"embeddable":true,"href":"https:\/\/www.coaching-scheler.de\/wordpress\/wp-json\/wp\/v2\/comments?post=2"}],"version-history":[{"count":14,"href":"https:\/\/www.coaching-scheler.de\/wordpress\/wp-json\/wp\/v2\/pages\/2\/revisions"}],"predecessor-version":[{"id":136,"href":"https:\/\/www.coaching-scheler.de\/wordpress\/wp-json\/wp\/v2\/pages\/2\/revisions\/136"}],"wp:attachment":[{"href":"https:\/\/www.coaching-scheler.de\/wordpress\/wp-json\/wp\/v2\/media?parent=2"}],"curies":[{"name":"wp","href":"https:\/\/api.w.org\/{rel}","templated":true}]}}